{"id":3846,"date":"2024-06-14T20:14:43","date_gmt":"2024-06-15T00:14:43","guid":{"rendered":"https:\/\/tenleasing.com\/?page_id=3846"},"modified":"2026-05-04T12:34:34","modified_gmt":"2026-05-04T16:34:34","slug":"politique-relative-aux-cookies-canada","status":"publish","type":"page","link":"https:\/\/tenleasing.com\/fr-ca\/politique-relative-aux-cookies-canada\/","title":{"rendered":"Politique relative aux cookies (Canada)"},"content":{"rendered":"<div id=\"cs-content\" class=\"cs-content\"><\/div>\n","protected":false},"excerpt":{"rendered":"<p>Cette page a \u00e9t\u00e9 modifi\u00e9e pour la derni\u00e8re fois le 17 octobre 2025, a \u00e9t\u00e9 v\u00e9rifi\u00e9e pour la derni\u00e8re fois le 17 octobre 2025, et s\u2019applique aux citoyens et aux r\u00e9sidents permanents l\u00e9gaux du Canada.1. IntroductionNotre site web, https:\/\/tenleasing.com\/fr-ca\/ (ci-apr\u00e8s\u00a0: \u00ab\u00a0le site web\u00a0\u00bb) utilise des cookies et autres technologies li\u00e9es (par simplification, toutes ces technologies sont d\u00e9sign\u00e9es par le terme &#8230; <\/p>\n<div><a href=\"https:\/\/tenleasing.com\/fr-ca\/politique-relative-aux-cookies-canada\/\" class=\"more-link\">Read More<\/a><\/div>\n","protected":false},"author":1,"featured_media":0,"parent":0,"menu_order":0,"comment_status":"closed","ping_status":"closed","template":"","meta":{"_acf_changed":false,"footnotes":""},"class_list":["post-3846","page","type-page","status-publish","hentry","no-post-thumbnail"],"acf":[],"_links":{"self":[{"href":"https:\/\/tenleasing.com\/fr-ca\/wp-json\/wp\/v2\/pages\/3846","targetHints":{"allow":["GET"]}}],"collection":[{"href":"https:\/\/tenleasing.com\/fr-ca\/wp-json\/wp\/v2\/pages"}],"about":[{"href":"https:\/\/tenleasing.com\/fr-ca\/wp-json\/wp\/v2\/types\/page"}],"author":[{"embeddable":true,"href":"https:\/\/tenleasing.com\/fr-ca\/wp-json\/wp\/v2\/users\/1"}],"replies":[{"embeddable":true,"href":"https:\/\/tenleasing.com\/fr-ca\/wp-json\/wp\/v2\/comments?post=3846"}],"version-history":[{"count":0,"href":"https:\/\/tenleasing.com\/fr-ca\/wp-json\/wp\/v2\/pages\/3846\/revisions"}],"wp:attachment":[{"href":"https:\/\/tenleasing.com\/fr-ca\/wp-json\/wp\/v2\/media?parent=3846"}],"curies":[{"name":"wp","href":"https:\/\/api.w.org\/{rel}","templated":true}]}}