{"id":3776,"date":"2025-07-01T12:07:58","date_gmt":"2025-07-01T16:07:58","guid":{"rendered":"https:\/\/tenleasing.com\/edmonton-ab-canada-canadian-french\/"},"modified":"2026-03-26T06:45:34","modified_gmt":"2026-03-26T10:45:34","slug":"edmonton-ab-canada-canadian-french","status":"publish","type":"page","link":"https:\/\/tenleasing.com\/fr-ca\/localisations\/edmonton-ab-canada-canadian-french\/","title":{"rendered":"Edmonton, AB, Canada (Canadian French)"},"content":{"rendered":"<div id=\"cs-content\" class=\"cs-content\"><\/div>\n","protected":false},"excerpt":{"rendered":"<p>Flexibilit\u00e9 et fiabilit\u00e9Location de remorques \u00e0 court et \u00e0 long terme \u00e0 Edmonton, en AlbertaD\u00e9couvrez des solutions de location de remorques \u00e0 court et \u00e0 long terme sans tracas, sp\u00e9cialement adapt\u00e9es aux entreprises de logistique en Alberta. TEN offre des options de remorques \u00e9volutives et fiables, con\u00e7ues pour r\u00e9pondre aux exigences \u00e9lev\u00e9es des professionnels de l\u2019Alberta, au Canada.Nous joindreDes solutions &#8230; <\/p>\n<div><a href=\"https:\/\/tenleasing.com\/fr-ca\/localisations\/edmonton-ab-canada-canadian-french\/\" class=\"more-link\">Read More<\/a><\/div>\n","protected":false},"author":101,"featured_media":0,"parent":1498,"menu_order":0,"comment_status":"closed","ping_status":"closed","template":"template-blank-4.php","meta":{"_acf_changed":false,"footnotes":""},"class_list":["post-3776","page","type-page","status-publish","hentry","no-post-thumbnail"],"acf":[],"_links":{"self":[{"href":"https:\/\/tenleasing.com\/fr-ca\/wp-json\/wp\/v2\/pages\/3776","targetHints":{"allow":["GET"]}}],"collection":[{"href":"https:\/\/tenleasing.com\/fr-ca\/wp-json\/wp\/v2\/pages"}],"about":[{"href":"https:\/\/tenleasing.com\/fr-ca\/wp-json\/wp\/v2\/types\/page"}],"author":[{"embeddable":true,"href":"https:\/\/tenleasing.com\/fr-ca\/wp-json\/wp\/v2\/users\/101"}],"replies":[{"embeddable":true,"href":"https:\/\/tenleasing.com\/fr-ca\/wp-json\/wp\/v2\/comments?post=3776"}],"version-history":[{"count":0,"href":"https:\/\/tenleasing.com\/fr-ca\/wp-json\/wp\/v2\/pages\/3776\/revisions"}],"up":[{"embeddable":true,"href":"https:\/\/tenleasing.com\/fr-ca\/wp-json\/wp\/v2\/pages\/1498"}],"wp:attachment":[{"href":"https:\/\/tenleasing.com\/fr-ca\/wp-json\/wp\/v2\/media?parent=3776"}],"curies":[{"name":"wp","href":"https:\/\/api.w.org\/{rel}","templated":true}]}}