{"id":3774,"date":"2025-07-01T12:07:22","date_gmt":"2025-07-01T16:07:22","guid":{"rendered":"https:\/\/tenleasing.com\/delta-bc-canada-canadian-french\/"},"modified":"2026-03-26T06:47:30","modified_gmt":"2026-03-26T10:47:30","slug":"delta-bc-canada-canadian-french","status":"publish","type":"page","link":"https:\/\/tenleasing.com\/fr-ca\/localisations\/delta-bc-canada-canadian-french\/","title":{"rendered":"Delta, BC, Canada (Canadian French)"},"content":{"rendered":"<div id=\"cs-content\" class=\"cs-content\"><\/div>\n","protected":false},"excerpt":{"rendered":"<p>Flexibilit\u00e9 et fiabilit\u00e9Location de remorques \u00e0 court et \u00e0 long terme \u00e0 Delta, en Colombie-BritanniqueProfitez des services fiables de location de remorques \u00e0 court et \u00e0 long terme qu\u2019offre TEN \u00e0 Delta pour soutenir le secteur de la logistique en Colombie-Britannique. Les entreprises de la province peuvent compter sur TEN pour des solutions flexibles et \u00e9conomiques qui assurent l\u2019excellence op\u00e9rationnelle &#8230; <\/p>\n<div><a href=\"https:\/\/tenleasing.com\/fr-ca\/localisations\/delta-bc-canada-canadian-french\/\" class=\"more-link\">Read More<\/a><\/div>\n","protected":false},"author":100,"featured_media":0,"parent":1498,"menu_order":0,"comment_status":"closed","ping_status":"closed","template":"template-blank-4.php","meta":{"_acf_changed":false,"footnotes":""},"class_list":["post-3774","page","type-page","status-publish","hentry","no-post-thumbnail"],"acf":[],"_links":{"self":[{"href":"https:\/\/tenleasing.com\/fr-ca\/wp-json\/wp\/v2\/pages\/3774","targetHints":{"allow":["GET"]}}],"collection":[{"href":"https:\/\/tenleasing.com\/fr-ca\/wp-json\/wp\/v2\/pages"}],"about":[{"href":"https:\/\/tenleasing.com\/fr-ca\/wp-json\/wp\/v2\/types\/page"}],"author":[{"embeddable":true,"href":"https:\/\/tenleasing.com\/fr-ca\/wp-json\/wp\/v2\/users\/100"}],"replies":[{"embeddable":true,"href":"https:\/\/tenleasing.com\/fr-ca\/wp-json\/wp\/v2\/comments?post=3774"}],"version-history":[{"count":0,"href":"https:\/\/tenleasing.com\/fr-ca\/wp-json\/wp\/v2\/pages\/3774\/revisions"}],"up":[{"embeddable":true,"href":"https:\/\/tenleasing.com\/fr-ca\/wp-json\/wp\/v2\/pages\/1498"}],"wp:attachment":[{"href":"https:\/\/tenleasing.com\/fr-ca\/wp-json\/wp\/v2\/media?parent=3774"}],"curies":[{"name":"wp","href":"https:\/\/api.w.org\/{rel}","templated":true}]}}