{"id":3773,"date":"2025-07-01T11:54:35","date_gmt":"2025-07-01T15:54:35","guid":{"rendered":"https:\/\/tenleasing.com\/levis-qc-canada-canadian-french\/"},"modified":"2026-03-26T06:31:30","modified_gmt":"2026-03-26T10:31:30","slug":"levis-qc-canada","status":"publish","type":"page","link":"https:\/\/tenleasing.com\/fr-ca\/localisations\/levis-qc-canada\/","title":{"rendered":"Levis, QC, Canada (Canadian French)"},"content":{"rendered":"<div id=\"cs-content\" class=\"cs-content\"><\/div>\n","protected":false},"excerpt":{"rendered":"<p>Flexibilit\u00e9 et fiabilit\u00e9Location de remorques \u00e0 court et \u00e0 long terme \u00e0 L\u00e9vis, au Qu\u00e9becTEN offre des services in\u00e9gal\u00e9s de location de remorques \u00e0 court et \u00e0 long terme pour soutenir les entreprises de partout au Qu\u00e9bec. Faites confiance \u00e0 notre expertise et \u00e0 notre pr\u00e9sence locale pour assurer l\u2019efficacit\u00e9, l\u2019adaptabilit\u00e9 et la r\u00e9ussite des entreprises de logistique au Qu\u00e9bec, &#8230; <\/p>\n<div><a href=\"https:\/\/tenleasing.com\/fr-ca\/localisations\/levis-qc-canada\/\" class=\"more-link\">Read More<\/a><\/div>\n","protected":false},"author":101,"featured_media":0,"parent":1498,"menu_order":0,"comment_status":"closed","ping_status":"closed","template":"template-blank-4.php","meta":{"_acf_changed":false,"footnotes":""},"class_list":["post-3773","page","type-page","status-publish","hentry","no-post-thumbnail"],"acf":[],"_links":{"self":[{"href":"https:\/\/tenleasing.com\/fr-ca\/wp-json\/wp\/v2\/pages\/3773","targetHints":{"allow":["GET"]}}],"collection":[{"href":"https:\/\/tenleasing.com\/fr-ca\/wp-json\/wp\/v2\/pages"}],"about":[{"href":"https:\/\/tenleasing.com\/fr-ca\/wp-json\/wp\/v2\/types\/page"}],"author":[{"embeddable":true,"href":"https:\/\/tenleasing.com\/fr-ca\/wp-json\/wp\/v2\/users\/101"}],"replies":[{"embeddable":true,"href":"https:\/\/tenleasing.com\/fr-ca\/wp-json\/wp\/v2\/comments?post=3773"}],"version-history":[{"count":0,"href":"https:\/\/tenleasing.com\/fr-ca\/wp-json\/wp\/v2\/pages\/3773\/revisions"}],"up":[{"embeddable":true,"href":"https:\/\/tenleasing.com\/fr-ca\/wp-json\/wp\/v2\/pages\/1498"}],"wp:attachment":[{"href":"https:\/\/tenleasing.com\/fr-ca\/wp-json\/wp\/v2\/media?parent=3773"}],"curies":[{"name":"wp","href":"https:\/\/api.w.org\/{rel}","templated":true}]}}