{"id":3772,"date":"2025-07-01T12:06:47","date_gmt":"2025-07-01T16:06:47","guid":{"rendered":"https:\/\/tenleasing.com\/cornwall-on-canada-canadian-french\/"},"modified":"2026-03-26T06:51:13","modified_gmt":"2026-03-26T10:51:13","slug":"cornwall-on-canada-canadian-french","status":"publish","type":"page","link":"https:\/\/tenleasing.com\/fr-ca\/localisations\/cornwall-on-canada-canadian-french\/","title":{"rendered":"Cornwall, ON, Canada (Canadian French)"},"content":{"rendered":"<div id=\"cs-content\" class=\"cs-content\"><\/div>\n","protected":false},"excerpt":{"rendered":"<p>Flexibilit\u00e9 et fiabilit\u00e9Location de remorques \u00e0 court et \u00e0 long terme \u00e0 Cornwall, OntarioOptimisez vos activit\u00e9s gr\u00e2ce \u00e0 des solutions de location de remorques \u00e0 court et \u00e0 long terme adapt\u00e9es aux secteurs d\u2019activit\u00e9 de Cornwall et de tout l\u2019Ontario. TEN offre des remorques robustes et fiables ainsi qu\u2019un service in\u00e9gal\u00e9 pour un transport de marchandises sans interruption.Nous joindreDes solutions &#8230; <\/p>\n<div><a href=\"https:\/\/tenleasing.com\/fr-ca\/localisations\/cornwall-on-canada-canadian-french\/\" class=\"more-link\">Read More<\/a><\/div>\n","protected":false},"author":100,"featured_media":0,"parent":1498,"menu_order":0,"comment_status":"closed","ping_status":"closed","template":"template-blank-4.php","meta":{"_acf_changed":false,"footnotes":""},"class_list":["post-3772","page","type-page","status-publish","hentry","no-post-thumbnail"],"acf":[],"_links":{"self":[{"href":"https:\/\/tenleasing.com\/fr-ca\/wp-json\/wp\/v2\/pages\/3772","targetHints":{"allow":["GET"]}}],"collection":[{"href":"https:\/\/tenleasing.com\/fr-ca\/wp-json\/wp\/v2\/pages"}],"about":[{"href":"https:\/\/tenleasing.com\/fr-ca\/wp-json\/wp\/v2\/types\/page"}],"author":[{"embeddable":true,"href":"https:\/\/tenleasing.com\/fr-ca\/wp-json\/wp\/v2\/users\/100"}],"replies":[{"embeddable":true,"href":"https:\/\/tenleasing.com\/fr-ca\/wp-json\/wp\/v2\/comments?post=3772"}],"version-history":[{"count":0,"href":"https:\/\/tenleasing.com\/fr-ca\/wp-json\/wp\/v2\/pages\/3772\/revisions"}],"up":[{"embeddable":true,"href":"https:\/\/tenleasing.com\/fr-ca\/wp-json\/wp\/v2\/pages\/1498"}],"wp:attachment":[{"href":"https:\/\/tenleasing.com\/fr-ca\/wp-json\/wp\/v2\/media?parent=3772"}],"curies":[{"name":"wp","href":"https:\/\/api.w.org\/{rel}","templated":true}]}}