{"id":3771,"date":"2025-07-01T11:52:57","date_gmt":"2025-07-01T15:52:57","guid":{"rendered":"https:\/\/tenleasing.com\/maple-on-canada-canadian-french\/"},"modified":"2026-03-26T06:23:52","modified_gmt":"2026-03-26T10:23:52","slug":"maple-on-canada","status":"publish","type":"page","link":"https:\/\/tenleasing.com\/fr-ca\/localisations\/maple-on-canada\/","title":{"rendered":"Maple, ON, Canada (Canadian French)"},"content":{"rendered":"<div id=\"cs-content\" class=\"cs-content\"><\/div>\n","protected":false},"excerpt":{"rendered":"<p>Flexibilit\u00e9 et fiabilit\u00e9Location de remorques \u00e0 court et \u00e0 long terme \u00e0 Maple, en OntarioD\u00e9couvrez des services de location de remorques \u00e0 court et \u00e0 long terme flexibles et fiables, con\u00e7us pour favoriser votre r\u00e9ussite partout en Ontario. TEN offre des solutions adapt\u00e9es au secteur de la logistique de la province afin d\u2019assurer \u00e0 votre entreprise une longueur d\u2019avance sur &#8230; <\/p>\n<div><a href=\"https:\/\/tenleasing.com\/fr-ca\/localisations\/maple-on-canada\/\" class=\"more-link\">Read More<\/a><\/div>\n","protected":false},"author":101,"featured_media":0,"parent":1498,"menu_order":0,"comment_status":"closed","ping_status":"closed","template":"template-blank-4.php","meta":{"_acf_changed":false,"footnotes":""},"class_list":["post-3771","page","type-page","status-publish","hentry","no-post-thumbnail"],"acf":[],"_links":{"self":[{"href":"https:\/\/tenleasing.com\/fr-ca\/wp-json\/wp\/v2\/pages\/3771","targetHints":{"allow":["GET"]}}],"collection":[{"href":"https:\/\/tenleasing.com\/fr-ca\/wp-json\/wp\/v2\/pages"}],"about":[{"href":"https:\/\/tenleasing.com\/fr-ca\/wp-json\/wp\/v2\/types\/page"}],"author":[{"embeddable":true,"href":"https:\/\/tenleasing.com\/fr-ca\/wp-json\/wp\/v2\/users\/101"}],"replies":[{"embeddable":true,"href":"https:\/\/tenleasing.com\/fr-ca\/wp-json\/wp\/v2\/comments?post=3771"}],"version-history":[{"count":0,"href":"https:\/\/tenleasing.com\/fr-ca\/wp-json\/wp\/v2\/pages\/3771\/revisions"}],"up":[{"embeddable":true,"href":"https:\/\/tenleasing.com\/fr-ca\/wp-json\/wp\/v2\/pages\/1498"}],"wp:attachment":[{"href":"https:\/\/tenleasing.com\/fr-ca\/wp-json\/wp\/v2\/media?parent=3771"}],"curies":[{"name":"wp","href":"https:\/\/api.w.org\/{rel}","templated":true}]}}