{"id":3770,"date":"2025-07-01T11:51:41","date_gmt":"2025-07-01T15:51:41","guid":{"rendered":"https:\/\/tenleasing.com\/milton-on-canada-canadian-french\/"},"modified":"2026-03-26T06:12:10","modified_gmt":"2026-03-26T10:12:10","slug":"milton-on-canada","status":"publish","type":"page","link":"https:\/\/tenleasing.com\/fr-ca\/localisations\/milton-on-canada\/","title":{"rendered":"Milton, ON, Canada (Canadian French)"},"content":{"rendered":"<div id=\"cs-content\" class=\"cs-content\"><\/div>\n","protected":false},"excerpt":{"rendered":"<p>Flexibilit\u00e9 et fiabilit\u00e9Location de remorques \u00e0 court et \u00e0 long terme \u00e0 Milton, en OntarioObtenez un service de location de remorques \u00e0 court et \u00e0 long terme exceptionnel \u00e0 Milton. TEN fournit aux entreprises de logistique ontariennes de toutes tailles la fiabilit\u00e9 et la flexibilit\u00e9 n\u00e9cessaires pour exceller dans le secteur en constante \u00e9volution du transport.Nous joindreDes solutions fiablesPourquoi choisir &#8230; <\/p>\n<div><a href=\"https:\/\/tenleasing.com\/fr-ca\/localisations\/milton-on-canada\/\" class=\"more-link\">Read More<\/a><\/div>\n","protected":false},"author":101,"featured_media":0,"parent":1498,"menu_order":0,"comment_status":"closed","ping_status":"closed","template":"template-blank-4.php","meta":{"_acf_changed":false,"footnotes":""},"class_list":["post-3770","page","type-page","status-publish","hentry","no-post-thumbnail"],"acf":[],"_links":{"self":[{"href":"https:\/\/tenleasing.com\/fr-ca\/wp-json\/wp\/v2\/pages\/3770","targetHints":{"allow":["GET"]}}],"collection":[{"href":"https:\/\/tenleasing.com\/fr-ca\/wp-json\/wp\/v2\/pages"}],"about":[{"href":"https:\/\/tenleasing.com\/fr-ca\/wp-json\/wp\/v2\/types\/page"}],"author":[{"embeddable":true,"href":"https:\/\/tenleasing.com\/fr-ca\/wp-json\/wp\/v2\/users\/101"}],"replies":[{"embeddable":true,"href":"https:\/\/tenleasing.com\/fr-ca\/wp-json\/wp\/v2\/comments?post=3770"}],"version-history":[{"count":0,"href":"https:\/\/tenleasing.com\/fr-ca\/wp-json\/wp\/v2\/pages\/3770\/revisions"}],"up":[{"embeddable":true,"href":"https:\/\/tenleasing.com\/fr-ca\/wp-json\/wp\/v2\/pages\/1498"}],"wp:attachment":[{"href":"https:\/\/tenleasing.com\/fr-ca\/wp-json\/wp\/v2\/media?parent=3770"}],"curies":[{"name":"wp","href":"https:\/\/api.w.org\/{rel}","templated":true}]}}