{"id":3768,"date":"2025-07-01T12:08:05","date_gmt":"2025-07-01T16:08:05","guid":{"rendered":"https:\/\/tenleasing.com\/cambridge-on-canada-canadian-french\/"},"modified":"2026-03-26T06:54:59","modified_gmt":"2026-03-26T10:54:59","slug":"cambridge-on-canada-canadian-french","status":"publish","type":"page","link":"https:\/\/tenleasing.com\/fr-ca\/localisations\/cambridge-on-canada-canadian-french\/","title":{"rendered":"Cambridge, ON, Canada (Canadian French)"},"content":{"rendered":"<div id=\"cs-content\" class=\"cs-content\"><\/div>\n","protected":false},"excerpt":{"rendered":"<p>Flexibilit\u00e9 et fiabilit\u00e9Location de remorques \u00e0 court et \u00e0 long terme \u00e0 Cambridge, en OntarioOptimisez votre logistique gr\u00e2ce \u00e0 des services sur mesure de location de remorques \u00e0 court et \u00e0 long terme pour les entreprises de toutes tailles en Ontario, au Canada. TEN vous offre la flexibilit\u00e9 et l\u2019expertise n\u00e9cessaires pour rationaliser la gestion de votre parc de v\u00e9hicules &#8230; <\/p>\n<div><a href=\"https:\/\/tenleasing.com\/fr-ca\/localisations\/cambridge-on-canada-canadian-french\/\" class=\"more-link\">Read More<\/a><\/div>\n","protected":false},"author":100,"featured_media":0,"parent":1498,"menu_order":0,"comment_status":"closed","ping_status":"closed","template":"template-blank-4.php","meta":{"_acf_changed":false,"footnotes":""},"class_list":["post-3768","page","type-page","status-publish","hentry","no-post-thumbnail"],"acf":[],"_links":{"self":[{"href":"https:\/\/tenleasing.com\/fr-ca\/wp-json\/wp\/v2\/pages\/3768","targetHints":{"allow":["GET"]}}],"collection":[{"href":"https:\/\/tenleasing.com\/fr-ca\/wp-json\/wp\/v2\/pages"}],"about":[{"href":"https:\/\/tenleasing.com\/fr-ca\/wp-json\/wp\/v2\/types\/page"}],"author":[{"embeddable":true,"href":"https:\/\/tenleasing.com\/fr-ca\/wp-json\/wp\/v2\/users\/100"}],"replies":[{"embeddable":true,"href":"https:\/\/tenleasing.com\/fr-ca\/wp-json\/wp\/v2\/comments?post=3768"}],"version-history":[{"count":0,"href":"https:\/\/tenleasing.com\/fr-ca\/wp-json\/wp\/v2\/pages\/3768\/revisions"}],"up":[{"embeddable":true,"href":"https:\/\/tenleasing.com\/fr-ca\/wp-json\/wp\/v2\/pages\/1498"}],"wp:attachment":[{"href":"https:\/\/tenleasing.com\/fr-ca\/wp-json\/wp\/v2\/media?parent=3768"}],"curies":[{"name":"wp","href":"https:\/\/api.w.org\/{rel}","templated":true}]}}