{"id":3767,"date":"2025-07-01T11:47:07","date_gmt":"2025-07-01T15:47:07","guid":{"rendered":"https:\/\/tenleasing.com\/moncton-nb-canada-canadian-french\/"},"modified":"2026-03-26T05:53:57","modified_gmt":"2026-03-26T09:53:57","slug":"moncton-nb-canada","status":"publish","type":"page","link":"https:\/\/tenleasing.com\/fr-ca\/localisations\/moncton-nb-canada\/","title":{"rendered":"Moncton, NB, Canada (Canadian French)"},"content":{"rendered":"<div id=\"cs-content\" class=\"cs-content\"><\/div>\n","protected":false},"excerpt":{"rendered":"<p>Flexibilit\u00e9 et fiabilit\u00e9Location de remorques \u00e0 court et \u00e0 long terme \u00e0 Moncton, au Nouveau-BrunswickProfitez des meilleurs services de location de remorques \u00e0 court et \u00e0 long terme de l\u2019industrie, con\u00e7us pour le secteur en pleine croissance de la logistique \u00e0 Moncton. TEN offre des solutions fiables et \u00e9volutives pour aider les entreprises de partout au Nouveau-Brunswick \u00e0 transporter leurs &#8230; <\/p>\n<div><a href=\"https:\/\/tenleasing.com\/fr-ca\/localisations\/moncton-nb-canada\/\" class=\"more-link\">Read More<\/a><\/div>\n","protected":false},"author":101,"featured_media":0,"parent":1498,"menu_order":0,"comment_status":"closed","ping_status":"closed","template":"template-blank-4.php","meta":{"_acf_changed":false,"footnotes":""},"class_list":["post-3767","page","type-page","status-publish","hentry","no-post-thumbnail"],"acf":[],"_links":{"self":[{"href":"https:\/\/tenleasing.com\/fr-ca\/wp-json\/wp\/v2\/pages\/3767","targetHints":{"allow":["GET"]}}],"collection":[{"href":"https:\/\/tenleasing.com\/fr-ca\/wp-json\/wp\/v2\/pages"}],"about":[{"href":"https:\/\/tenleasing.com\/fr-ca\/wp-json\/wp\/v2\/types\/page"}],"author":[{"embeddable":true,"href":"https:\/\/tenleasing.com\/fr-ca\/wp-json\/wp\/v2\/users\/101"}],"replies":[{"embeddable":true,"href":"https:\/\/tenleasing.com\/fr-ca\/wp-json\/wp\/v2\/comments?post=3767"}],"version-history":[{"count":0,"href":"https:\/\/tenleasing.com\/fr-ca\/wp-json\/wp\/v2\/pages\/3767\/revisions"}],"up":[{"embeddable":true,"href":"https:\/\/tenleasing.com\/fr-ca\/wp-json\/wp\/v2\/pages\/1498"}],"wp:attachment":[{"href":"https:\/\/tenleasing.com\/fr-ca\/wp-json\/wp\/v2\/media?parent=3767"}],"curies":[{"name":"wp","href":"https:\/\/api.w.org\/{rel}","templated":true}]}}