{"id":3766,"date":"2025-07-01T12:07:42","date_gmt":"2025-07-01T16:07:42","guid":{"rendered":"https:\/\/tenleasing.com\/calgary-ab-canada-canadian-french\/"},"modified":"2026-03-26T06:59:25","modified_gmt":"2026-03-26T10:59:25","slug":"calgary-ab-canada","status":"publish","type":"page","link":"https:\/\/tenleasing.com\/fr-ca\/localisations\/calgary-ab-canada\/","title":{"rendered":"Calgary, AB, Canada (Canadian French)"},"content":{"rendered":"<div id=\"cs-content\" class=\"cs-content\"><\/div>\n","protected":false},"excerpt":{"rendered":"<p>Flexibilit\u00e9 et fiabilit\u00e9Location de remorques \u00e0 court et \u00e0 long terme \u00e0 Calgary, AlbertaD\u00e9couvrez des services de location de remorques flexibles et adapt\u00e9s aux entreprises de l\u2019Alberta. TEN offre des solutions de remorques \u00e9volutives et sur mesure pour r\u00e9pondre aux exigences op\u00e9rationnelles uniques des professionnels de la logistique et de la cha\u00eene d\u2019approvisionnement dans toute la province.Nous joindreDes solutions fiablesPourquoi &#8230; <\/p>\n<div><a href=\"https:\/\/tenleasing.com\/fr-ca\/localisations\/calgary-ab-canada\/\" class=\"more-link\">Read More<\/a><\/div>\n","protected":false},"author":100,"featured_media":0,"parent":1498,"menu_order":0,"comment_status":"closed","ping_status":"closed","template":"template-blank-4.php","meta":{"_acf_changed":false,"footnotes":""},"class_list":["post-3766","page","type-page","status-publish","hentry","no-post-thumbnail"],"acf":[],"_links":{"self":[{"href":"https:\/\/tenleasing.com\/fr-ca\/wp-json\/wp\/v2\/pages\/3766","targetHints":{"allow":["GET"]}}],"collection":[{"href":"https:\/\/tenleasing.com\/fr-ca\/wp-json\/wp\/v2\/pages"}],"about":[{"href":"https:\/\/tenleasing.com\/fr-ca\/wp-json\/wp\/v2\/types\/page"}],"author":[{"embeddable":true,"href":"https:\/\/tenleasing.com\/fr-ca\/wp-json\/wp\/v2\/users\/100"}],"replies":[{"embeddable":true,"href":"https:\/\/tenleasing.com\/fr-ca\/wp-json\/wp\/v2\/comments?post=3766"}],"version-history":[{"count":0,"href":"https:\/\/tenleasing.com\/fr-ca\/wp-json\/wp\/v2\/pages\/3766\/revisions"}],"up":[{"embeddable":true,"href":"https:\/\/tenleasing.com\/fr-ca\/wp-json\/wp\/v2\/pages\/1498"}],"wp:attachment":[{"href":"https:\/\/tenleasing.com\/fr-ca\/wp-json\/wp\/v2\/media?parent=3766"}],"curies":[{"name":"wp","href":"https:\/\/api.w.org\/{rel}","templated":true}]}}