{"id":3764,"date":"2025-07-01T11:41:09","date_gmt":"2025-07-01T15:41:09","guid":{"rendered":"https:\/\/tenleasing.com\/winnipeg-mb-cananda-canadian-english-canadian-french\/"},"modified":"2026-03-25T13:55:50","modified_gmt":"2026-03-25T17:55:50","slug":"winnipeg-mb-cananda-canadian-french","status":"publish","type":"page","link":"https:\/\/tenleasing.com\/fr-ca\/localisations\/winnipeg-mb-cananda-canadian-french\/","title":{"rendered":"Winnipeg, MB, Cananda (Canadian English) (Canadian French)"},"content":{"rendered":"<div id=\"cs-content\" class=\"cs-content\"><\/div>\n","protected":false},"excerpt":{"rendered":"<p>Flexibilit\u00e9 et fiabilit\u00e9Location de remorques \u00e0 court et \u00e0 long terme \u00e0 Winnipeg, au ManitobaOptimisez votre exploitation logistique gr\u00e2ce aux solutions de location de remorques de pointe \u00e0 court et \u00e0 long terme de TEN, le partenaire de confiance des entreprises de Winnipeg. TEN offre des services flexibles et une \u00e9quipe d\u2019experts qui assure l\u2019efficacit\u00e9 des cha\u00eenes d\u2019approvisionnement partout au &#8230; <\/p>\n<div><a href=\"https:\/\/tenleasing.com\/fr-ca\/localisations\/winnipeg-mb-cananda-canadian-french\/\" class=\"more-link\">Read More<\/a><\/div>\n","protected":false},"author":101,"featured_media":0,"parent":1498,"menu_order":0,"comment_status":"closed","ping_status":"closed","template":"template-blank-4.php","meta":{"_acf_changed":false,"footnotes":""},"class_list":["post-3764","page","type-page","status-publish","hentry","no-post-thumbnail"],"acf":[],"_links":{"self":[{"href":"https:\/\/tenleasing.com\/fr-ca\/wp-json\/wp\/v2\/pages\/3764","targetHints":{"allow":["GET"]}}],"collection":[{"href":"https:\/\/tenleasing.com\/fr-ca\/wp-json\/wp\/v2\/pages"}],"about":[{"href":"https:\/\/tenleasing.com\/fr-ca\/wp-json\/wp\/v2\/types\/page"}],"author":[{"embeddable":true,"href":"https:\/\/tenleasing.com\/fr-ca\/wp-json\/wp\/v2\/users\/101"}],"replies":[{"embeddable":true,"href":"https:\/\/tenleasing.com\/fr-ca\/wp-json\/wp\/v2\/comments?post=3764"}],"version-history":[{"count":0,"href":"https:\/\/tenleasing.com\/fr-ca\/wp-json\/wp\/v2\/pages\/3764\/revisions"}],"up":[{"embeddable":true,"href":"https:\/\/tenleasing.com\/fr-ca\/wp-json\/wp\/v2\/pages\/1498"}],"wp:attachment":[{"href":"https:\/\/tenleasing.com\/fr-ca\/wp-json\/wp\/v2\/media?parent=3764"}],"curies":[{"name":"wp","href":"https:\/\/api.w.org\/{rel}","templated":true}]}}