{"id":1498,"date":"2024-07-25T21:53:27","date_gmt":"2024-07-26T01:53:27","guid":{"rendered":"https:\/\/tenleasing.com\/locations\/"},"modified":"2025-09-04T14:59:56","modified_gmt":"2025-09-04T18:59:56","slug":"localisations","status":"publish","type":"page","link":"https:\/\/tenleasing.com\/fr-ca\/localisations\/","title":{"rendered":"Localisations"},"content":{"rendered":"<div id=\"cs-content\" class=\"cs-content\"><\/div>\n","protected":false},"excerpt":{"rendered":"<p>Plus de 45 centres de service et de stockage \u00e0 travers l\u2019Am\u00e9rique du NordLarge port\u00e9e. Expertise locale.Avec la pr\u00e9sence \u00e9tendue de TEN \u00e0 travers l\u2019Am\u00e9rique du Nord, des solutions de transport expertes sont toujours \u00e0 port\u00e9e de main.Explorez notre r\u00e9seauUtilisez notre carte interactive pour trouver TEN emplacements les plus proches de chez vous.Aidez votre entreprise \u00e0 aller plus loinD&eacute;couvrez comment &#8230; <\/p>\n<div><a href=\"https:\/\/tenleasing.com\/fr-ca\/localisations\/\" class=\"more-link\">Read More<\/a><\/div>\n","protected":false},"author":1,"featured_media":0,"parent":0,"menu_order":0,"comment_status":"closed","ping_status":"closed","template":"template-blank-4.php","meta":{"_acf_changed":false,"footnotes":""},"class_list":["post-1498","page","type-page","status-publish","hentry","no-post-thumbnail"],"acf":[],"_links":{"self":[{"href":"https:\/\/tenleasing.com\/fr-ca\/wp-json\/wp\/v2\/pages\/1498","targetHints":{"allow":["GET"]}}],"collection":[{"href":"https:\/\/tenleasing.com\/fr-ca\/wp-json\/wp\/v2\/pages"}],"about":[{"href":"https:\/\/tenleasing.com\/fr-ca\/wp-json\/wp\/v2\/types\/page"}],"author":[{"embeddable":true,"href":"https:\/\/tenleasing.com\/fr-ca\/wp-json\/wp\/v2\/users\/1"}],"replies":[{"embeddable":true,"href":"https:\/\/tenleasing.com\/fr-ca\/wp-json\/wp\/v2\/comments?post=1498"}],"version-history":[{"count":0,"href":"https:\/\/tenleasing.com\/fr-ca\/wp-json\/wp\/v2\/pages\/1498\/revisions"}],"wp:attachment":[{"href":"https:\/\/tenleasing.com\/fr-ca\/wp-json\/wp\/v2\/media?parent=1498"}],"curies":[{"name":"wp","href":"https:\/\/api.w.org\/{rel}","templated":true}]}}