{"id":1479,"date":"2024-09-20T10:53:56","date_gmt":"2024-09-20T14:53:56","guid":{"rendered":"https:\/\/tenleasing.com\/trailers\/"},"modified":"2025-03-13T10:18:18","modified_gmt":"2025-03-13T14:18:18","slug":"semi-remorques","status":"publish","type":"page","link":"https:\/\/tenleasing.com\/fr-ca\/semi-remorques\/","title":{"rendered":"Semi-remorques"},"content":{"rendered":"<div id=\"cs-content\" class=\"cs-content\"><\/div>\n","protected":false},"excerpt":{"rendered":"<p>Types de remorques offertesSemi-remorques ferm\u00e9esDes semi-remorques ferm&eacute;es, s&eacute;curitaires et fiables pour tous vos besoins d&rsquo;exp&eacute;dition.Semi-remorques ferm\u00e9esSemi-remorques r\u00e9frig\u00e9r\u00e9esDes semi-remorques r&eacute;frig&eacute;r&eacute;es de premier ordre pour les cargaisons sensibles &agrave; la temp&eacute;rature.Semi-remorques r\u00e9frig\u00e9r\u00e9esCh\u00e2ssisDes ch&acirc;ssis polyvalents pour un transport efficace des conteneurs.Ch\u00e2ssisSemi-remorques \u00e0 plateformeDes plateformes flexibles et robustes offrant des caract&eacute;ristiques qui conviennent &agrave; tous les chargements.Semi-remorques \u00e0 plateformeSemi-remorques chauff\u00e9sCon&ccedil;ues pour affronter les conditions &#8230; <\/p>\n<div><a href=\"https:\/\/tenleasing.com\/fr-ca\/semi-remorques\/\" class=\"more-link\">Read More<\/a><\/div>\n","protected":false},"author":1,"featured_media":0,"parent":0,"menu_order":0,"comment_status":"closed","ping_status":"closed","template":"template-blank-4.php","meta":{"_acf_changed":false,"footnotes":""},"class_list":["post-1479","page","type-page","status-publish","hentry","no-post-thumbnail"],"acf":[],"_links":{"self":[{"href":"https:\/\/tenleasing.com\/fr-ca\/wp-json\/wp\/v2\/pages\/1479","targetHints":{"allow":["GET"]}}],"collection":[{"href":"https:\/\/tenleasing.com\/fr-ca\/wp-json\/wp\/v2\/pages"}],"about":[{"href":"https:\/\/tenleasing.com\/fr-ca\/wp-json\/wp\/v2\/types\/page"}],"author":[{"embeddable":true,"href":"https:\/\/tenleasing.com\/fr-ca\/wp-json\/wp\/v2\/users\/1"}],"replies":[{"embeddable":true,"href":"https:\/\/tenleasing.com\/fr-ca\/wp-json\/wp\/v2\/comments?post=1479"}],"version-history":[{"count":0,"href":"https:\/\/tenleasing.com\/fr-ca\/wp-json\/wp\/v2\/pages\/1479\/revisions"}],"wp:attachment":[{"href":"https:\/\/tenleasing.com\/fr-ca\/wp-json\/wp\/v2\/media?parent=1479"}],"curies":[{"name":"wp","href":"https:\/\/api.w.org\/{rel}","templated":true}]}}