{"id":1475,"date":"2024-09-28T06:37:14","date_gmt":"2024-09-28T06:37:14","guid":{"rendered":"https:\/\/tenleasing.com\/ten-cool\/ten-cool-case-studies\/"},"modified":"2024-09-28T06:37:14","modified_gmt":"2024-09-28T06:37:14","slug":"ten-cool-case-studies","status":"publish","type":"page","link":"https:\/\/tenleasing.com\/fr-ca\/ten-cool-case-studies\/","title":{"rendered":"TEN Cool Case Studies"},"content":{"rendered":"<div id=\"cs-content\" class=\"cs-content\"><\/div>\n","protected":false},"excerpt":{"rendered":"<p>TEN Cool Case StudiesWelcome to TEN Cool Case StudiesTHE LATESTSee More FeaturedSee More TEN Cool annonce un syst\u00e8me de conversion amovible int\u00e9rieur en instance de brevet pour les semi-remorquesLe syst\u00e8me permet aux exploitants de flottes de modifier les dimensions int\u00e9rieures des semi-remorques pour s\u2019adapter efficacement \u00e0 de multiplesNouvelles (8)Nouvelles (8)<\/p>\n","protected":false},"author":7,"featured_media":0,"parent":0,"menu_order":0,"comment_status":"closed","ping_status":"closed","template":"template-blank-4.php","meta":{"_acf_changed":false,"footnotes":""},"class_list":["post-1475","page","type-page","status-publish","hentry","no-post-thumbnail"],"acf":[],"_links":{"self":[{"href":"https:\/\/tenleasing.com\/fr-ca\/wp-json\/wp\/v2\/pages\/1475","targetHints":{"allow":["GET"]}}],"collection":[{"href":"https:\/\/tenleasing.com\/fr-ca\/wp-json\/wp\/v2\/pages"}],"about":[{"href":"https:\/\/tenleasing.com\/fr-ca\/wp-json\/wp\/v2\/types\/page"}],"author":[{"embeddable":true,"href":"https:\/\/tenleasing.com\/fr-ca\/wp-json\/wp\/v2\/users\/7"}],"replies":[{"embeddable":true,"href":"https:\/\/tenleasing.com\/fr-ca\/wp-json\/wp\/v2\/comments?post=1475"}],"version-history":[{"count":0,"href":"https:\/\/tenleasing.com\/fr-ca\/wp-json\/wp\/v2\/pages\/1475\/revisions"}],"wp:attachment":[{"href":"https:\/\/tenleasing.com\/fr-ca\/wp-json\/wp\/v2\/media?parent=1475"}],"curies":[{"name":"wp","href":"https:\/\/api.w.org\/{rel}","templated":true}]}}