{"id":1472,"date":"2024-09-28T06:31:33","date_gmt":"2024-09-28T10:31:33","guid":{"rendered":"https:\/\/tenleasing.com\/ten\/ten-news\/"},"modified":"2025-10-22T14:29:48","modified_gmt":"2025-10-22T18:29:48","slug":"ten-news","status":"publish","type":"page","link":"https:\/\/tenleasing.com\/fr-ca\/ten\/ten-news\/","title":{"rendered":"TEN News"},"content":{"rendered":"<div id=\"cs-content\" class=\"cs-content\"><\/div>\n","protected":false},"excerpt":{"rendered":"<p>TEN NewsWelcome to TEN NewsTHE LATESTSee More TEN (Transportation Equipment Network) nomme Hooman Yazhari au poste de chef de la directionDublin, Ohio \u2013 TEN (Transportation Equipment Network), une soci\u00e9t\u00e9 de premier plan de services complets dans le secteur de laTEN (Transportation Equipment Network) d\u00e9signe\u00a0Peter Lynch au poste de chef des financesDUBLIN, Ohio \u2013 16 Octobre, 2025 &#8211; TEN (Transportation Equipment &#8230; <\/p>\n<div><a href=\"https:\/\/tenleasing.com\/fr-ca\/ten\/ten-news\/\" class=\"more-link\">Read More<\/a><\/div>\n","protected":false},"author":7,"featured_media":0,"parent":1469,"menu_order":0,"comment_status":"closed","ping_status":"closed","template":"template-blank-4.php","meta":{"_acf_changed":false,"footnotes":""},"class_list":["post-1472","page","type-page","status-publish","hentry","no-post-thumbnail"],"acf":[],"_links":{"self":[{"href":"https:\/\/tenleasing.com\/fr-ca\/wp-json\/wp\/v2\/pages\/1472","targetHints":{"allow":["GET"]}}],"collection":[{"href":"https:\/\/tenleasing.com\/fr-ca\/wp-json\/wp\/v2\/pages"}],"about":[{"href":"https:\/\/tenleasing.com\/fr-ca\/wp-json\/wp\/v2\/types\/page"}],"author":[{"embeddable":true,"href":"https:\/\/tenleasing.com\/fr-ca\/wp-json\/wp\/v2\/users\/7"}],"replies":[{"embeddable":true,"href":"https:\/\/tenleasing.com\/fr-ca\/wp-json\/wp\/v2\/comments?post=1472"}],"version-history":[{"count":0,"href":"https:\/\/tenleasing.com\/fr-ca\/wp-json\/wp\/v2\/pages\/1472\/revisions"}],"up":[{"embeddable":true,"href":"https:\/\/tenleasing.com\/fr-ca\/wp-json\/wp\/v2\/pages\/1469"}],"wp:attachment":[{"href":"https:\/\/tenleasing.com\/fr-ca\/wp-json\/wp\/v2\/media?parent=1472"}],"curies":[{"name":"wp","href":"https:\/\/api.w.org\/{rel}","templated":true}]}}