{"id":1470,"date":"2024-09-28T06:30:08","date_gmt":"2024-09-28T06:30:08","guid":{"rendered":"https:\/\/tenleasing.com\/ten\/ten-blog\/"},"modified":"2024-10-17T14:30:12","modified_gmt":"2024-10-17T14:30:12","slug":"ten-blog","status":"publish","type":"page","link":"https:\/\/tenleasing.com\/fr-ca\/ten\/ten-blog\/","title":{"rendered":"TEN Blog"},"content":{"rendered":"<div id=\"cs-content\" class=\"cs-content\"><\/div>\n","protected":false},"excerpt":{"rendered":"<p>TEN ConnaissancesBienvenue \u00e0 TEN ConnaissancesLE DERNIERVoir plus PROPULS\u00c9 PAR TENVolume 2, f\u00e9vrier 2026 MESSAGE DE HOOMAN YAZHARI, CHEF DE LA DIRECTION C\u2019est un privil\u00e8ge pour moi de me joindrePROPULS\u00c9 PAR TENLettre de Nathan Bienvenue dans la premi\u00e8re \u00e9dition de Propuls\u00e9 par TEN. Notre objectif estEntretien des camions d\u2019hiver et des remorques : pr\u00e9ventif ou r\u00e9actif&nbsp;? \u00c9vitez les surprises co\u00fbteuses&nbsp;!Lorsque l\u2019hiver &#8230; <\/p>\n<div><a href=\"https:\/\/tenleasing.com\/fr-ca\/ten\/ten-blog\/\" class=\"more-link\">Read More<\/a><\/div>\n","protected":false},"author":7,"featured_media":0,"parent":1469,"menu_order":0,"comment_status":"closed","ping_status":"closed","template":"template-blank-4.php","meta":{"_acf_changed":false,"footnotes":""},"class_list":["post-1470","page","type-page","status-publish","hentry","no-post-thumbnail"],"acf":[],"_links":{"self":[{"href":"https:\/\/tenleasing.com\/fr-ca\/wp-json\/wp\/v2\/pages\/1470","targetHints":{"allow":["GET"]}}],"collection":[{"href":"https:\/\/tenleasing.com\/fr-ca\/wp-json\/wp\/v2\/pages"}],"about":[{"href":"https:\/\/tenleasing.com\/fr-ca\/wp-json\/wp\/v2\/types\/page"}],"author":[{"embeddable":true,"href":"https:\/\/tenleasing.com\/fr-ca\/wp-json\/wp\/v2\/users\/7"}],"replies":[{"embeddable":true,"href":"https:\/\/tenleasing.com\/fr-ca\/wp-json\/wp\/v2\/comments?post=1470"}],"version-history":[{"count":0,"href":"https:\/\/tenleasing.com\/fr-ca\/wp-json\/wp\/v2\/pages\/1470\/revisions"}],"up":[{"embeddable":true,"href":"https:\/\/tenleasing.com\/fr-ca\/wp-json\/wp\/v2\/pages\/1469"}],"wp:attachment":[{"href":"https:\/\/tenleasing.com\/fr-ca\/wp-json\/wp\/v2\/media?parent=1470"}],"curies":[{"name":"wp","href":"https:\/\/api.w.org\/{rel}","templated":true}]}}