{"id":1424,"date":"2024-09-20T10:47:58","date_gmt":"2024-09-20T10:47:58","guid":{"rendered":"https:\/\/tenleasing.com\/chassis\/"},"modified":"2024-10-24T11:34:35","modified_gmt":"2024-10-24T11:34:35","slug":"chassis","status":"publish","type":"page","link":"https:\/\/tenleasing.com\/fr-ca\/semi-remorques\/chassis\/","title":{"rendered":"Ch\u00e2ssis"},"content":{"rendered":"<div id=\"cs-content\" class=\"cs-content\"><\/div>\n","protected":false},"excerpt":{"rendered":"<p>Des solutions de transport polyvalentes et fiablesCh\u00e2ssisFaites l\u2019exp\u00e9rience de la polyvalence et de la fiabilit\u00e9 des ch\u00e2ssis TEN pour tous vos besoins de transport. Con\u00e7us pour \u00eatre durables et efficaces, nos ch\u00e2ssis peuvent transporter une grande vari\u00e9t\u00e9 de marchandise.Nous joindreExposez-nous vos besoins en mati&egrave;re de locationCommuniquez avec nous d&egrave;s maintenant pour demander un devis personnalis&eacute; qui r&eacute;pond &agrave; vos besoins &#8230; <\/p>\n<div><a href=\"https:\/\/tenleasing.com\/fr-ca\/semi-remorques\/chassis\/\" class=\"more-link\">Read More<\/a><\/div>\n","protected":false},"author":1,"featured_media":0,"parent":1479,"menu_order":0,"comment_status":"closed","ping_status":"closed","template":"template-blank-4.php","meta":{"_acf_changed":false,"footnotes":""},"class_list":["post-1424","page","type-page","status-publish","hentry","no-post-thumbnail"],"acf":[],"_links":{"self":[{"href":"https:\/\/tenleasing.com\/fr-ca\/wp-json\/wp\/v2\/pages\/1424","targetHints":{"allow":["GET"]}}],"collection":[{"href":"https:\/\/tenleasing.com\/fr-ca\/wp-json\/wp\/v2\/pages"}],"about":[{"href":"https:\/\/tenleasing.com\/fr-ca\/wp-json\/wp\/v2\/types\/page"}],"author":[{"embeddable":true,"href":"https:\/\/tenleasing.com\/fr-ca\/wp-json\/wp\/v2\/users\/1"}],"replies":[{"embeddable":true,"href":"https:\/\/tenleasing.com\/fr-ca\/wp-json\/wp\/v2\/comments?post=1424"}],"version-history":[{"count":0,"href":"https:\/\/tenleasing.com\/fr-ca\/wp-json\/wp\/v2\/pages\/1424\/revisions"}],"up":[{"embeddable":true,"href":"https:\/\/tenleasing.com\/fr-ca\/wp-json\/wp\/v2\/pages\/1479"}],"wp:attachment":[{"href":"https:\/\/tenleasing.com\/fr-ca\/wp-json\/wp\/v2\/media?parent=1424"}],"curies":[{"name":"wp","href":"https:\/\/api.w.org\/{rel}","templated":true}]}}