{"id":1422,"date":"2024-09-19T22:38:09","date_gmt":"2024-09-19T22:38:09","guid":{"rendered":"https:\/\/tenleasing.com\/flatbed-trailers\/"},"modified":"2024-10-24T11:36:37","modified_gmt":"2024-10-24T11:36:37","slug":"plateformes","status":"publish","type":"page","link":"https:\/\/tenleasing.com\/fr-ca\/semi-remorques\/plateformes\/","title":{"rendered":"Plateformes"},"content":{"rendered":"<div id=\"cs-content\" class=\"cs-content\"><\/div>\n","protected":false},"excerpt":{"rendered":"<p>Transport de tous types de marchandises expos\u00e9es \u00e0 l\u2019air libreSemi-remorques \u00e0 plateformeD\u00e9couvrez la polyvalence et la robustesse des semi-remorques \u00e0 plateforme de TEN, con\u00e7ues pour transporter une grande vari\u00e9t\u00e9 de marchandises avec une fiabilit\u00e9 et une efficacit\u00e9 in\u00e9gal\u00e9es.Nous joindreExposez-nous vos besoins en mati&egrave;re de locationCommuniquez avec nous d&egrave;s maintenant pour demander un devis personnalis&eacute; qui r&eacute;pond &agrave; vos besoins pour &#8230; <\/p>\n<div><a href=\"https:\/\/tenleasing.com\/fr-ca\/semi-remorques\/plateformes\/\" class=\"more-link\">Read More<\/a><\/div>\n","protected":false},"author":1,"featured_media":0,"parent":1479,"menu_order":0,"comment_status":"closed","ping_status":"closed","template":"template-blank-4.php","meta":{"_acf_changed":false,"footnotes":""},"class_list":["post-1422","page","type-page","status-publish","hentry","no-post-thumbnail"],"acf":[],"_links":{"self":[{"href":"https:\/\/tenleasing.com\/fr-ca\/wp-json\/wp\/v2\/pages\/1422","targetHints":{"allow":["GET"]}}],"collection":[{"href":"https:\/\/tenleasing.com\/fr-ca\/wp-json\/wp\/v2\/pages"}],"about":[{"href":"https:\/\/tenleasing.com\/fr-ca\/wp-json\/wp\/v2\/types\/page"}],"author":[{"embeddable":true,"href":"https:\/\/tenleasing.com\/fr-ca\/wp-json\/wp\/v2\/users\/1"}],"replies":[{"embeddable":true,"href":"https:\/\/tenleasing.com\/fr-ca\/wp-json\/wp\/v2\/comments?post=1422"}],"version-history":[{"count":0,"href":"https:\/\/tenleasing.com\/fr-ca\/wp-json\/wp\/v2\/pages\/1422\/revisions"}],"up":[{"embeddable":true,"href":"https:\/\/tenleasing.com\/fr-ca\/wp-json\/wp\/v2\/pages\/1479"}],"wp:attachment":[{"href":"https:\/\/tenleasing.com\/fr-ca\/wp-json\/wp\/v2\/media?parent=1422"}],"curies":[{"name":"wp","href":"https:\/\/api.w.org\/{rel}","templated":true}]}}