{"id":1421,"date":"2024-09-19T22:01:08","date_gmt":"2024-09-19T22:01:08","guid":{"rendered":"https:\/\/tenleasing.com\/dry-van-trailers\/"},"modified":"2024-10-24T11:37:15","modified_gmt":"2024-10-24T11:37:15","slug":"semi-remorques-fermees","status":"publish","type":"page","link":"https:\/\/tenleasing.com\/fr-ca\/semi-remorques\/semi-remorques-fermees\/","title":{"rendered":"Semi-remorques ferm\u00e9es"},"content":{"rendered":"<div id=\"cs-content\" class=\"cs-content\"><\/div>\n","protected":false},"excerpt":{"rendered":"<p>Des solutions d\u2019exp\u00e9dition s\u00e9curitaires et fiablesSemi-remorques ferm\u00e9esFaites l\u2019exp\u00e9rience de la fiabilit\u00e9 des semi-remorques ferm\u00e9es de TEN pour tous vos besoins d\u2019exp\u00e9dition. Nos remorques offrent la capacit\u00e9 et la fiabilit\u00e9 dont vous avez besoin pour transporter des marchandises efficacement et en toute s\u00e9curit\u00e9.Nous joindreExposez-nous vos besoins en mati&egrave;re de location &agrave; long termeCommuniquez avec nous d&egrave;s maintenant pour demander un devis &#8230; <\/p>\n<div><a href=\"https:\/\/tenleasing.com\/fr-ca\/semi-remorques\/semi-remorques-fermees\/\" class=\"more-link\">Read More<\/a><\/div>\n","protected":false},"author":1,"featured_media":0,"parent":1479,"menu_order":0,"comment_status":"closed","ping_status":"closed","template":"template-blank-4.php","meta":{"_acf_changed":false,"footnotes":""},"class_list":["post-1421","page","type-page","status-publish","hentry","no-post-thumbnail"],"acf":[],"_links":{"self":[{"href":"https:\/\/tenleasing.com\/fr-ca\/wp-json\/wp\/v2\/pages\/1421","targetHints":{"allow":["GET"]}}],"collection":[{"href":"https:\/\/tenleasing.com\/fr-ca\/wp-json\/wp\/v2\/pages"}],"about":[{"href":"https:\/\/tenleasing.com\/fr-ca\/wp-json\/wp\/v2\/types\/page"}],"author":[{"embeddable":true,"href":"https:\/\/tenleasing.com\/fr-ca\/wp-json\/wp\/v2\/users\/1"}],"replies":[{"embeddable":true,"href":"https:\/\/tenleasing.com\/fr-ca\/wp-json\/wp\/v2\/comments?post=1421"}],"version-history":[{"count":0,"href":"https:\/\/tenleasing.com\/fr-ca\/wp-json\/wp\/v2\/pages\/1421\/revisions"}],"up":[{"embeddable":true,"href":"https:\/\/tenleasing.com\/fr-ca\/wp-json\/wp\/v2\/pages\/1479"}],"wp:attachment":[{"href":"https:\/\/tenleasing.com\/fr-ca\/wp-json\/wp\/v2\/media?parent=1421"}],"curies":[{"name":"wp","href":"https:\/\/api.w.org\/{rel}","templated":true}]}}