{"id":1420,"date":"2024-09-20T12:47:24","date_gmt":"2024-09-20T16:47:24","guid":{"rendered":"https:\/\/tenleasing.com\/trailer-rentals\/"},"modified":"2025-11-03T08:25:20","modified_gmt":"2025-11-03T13:25:20","slug":"location","status":"publish","type":"page","link":"https:\/\/tenleasing.com\/fr-ca\/location\/","title":{"rendered":"Location"},"content":{"rendered":"<div id=\"cs-content\" class=\"cs-content\"><\/div>\n","protected":false},"excerpt":{"rendered":"<p>Des solutions fiables et polyvalentesLocation \u00e0 court terme de semi-remorquesD\u00e9couvrez la commodit\u00e9 et la flexibilit\u00e9 de la location \u00e0 court terme aupr\u00e8s de TEN, un service con\u00e7u pour r\u00e9pondre \u00e0 vos besoins temporaires ou saisonniers, \u00e0 des tarifs concurrentiels et avec un service incomparable.Nous joindreTous les types de remorquesSemi-remorques ferm\u00e9es. Unit\u00e9s r\u00e9frig\u00e9r\u00e9es. Plateformes.Tout ce dont vous avez besoin, nous le &#8230; <\/p>\n<div><a href=\"https:\/\/tenleasing.com\/fr-ca\/location\/\" class=\"more-link\">Read More<\/a><\/div>\n","protected":false},"author":1,"featured_media":0,"parent":0,"menu_order":0,"comment_status":"closed","ping_status":"closed","template":"template-blank-4.php","meta":{"_acf_changed":false,"footnotes":""},"class_list":["post-1420","page","type-page","status-publish","hentry","no-post-thumbnail"],"acf":[],"_links":{"self":[{"href":"https:\/\/tenleasing.com\/fr-ca\/wp-json\/wp\/v2\/pages\/1420","targetHints":{"allow":["GET"]}}],"collection":[{"href":"https:\/\/tenleasing.com\/fr-ca\/wp-json\/wp\/v2\/pages"}],"about":[{"href":"https:\/\/tenleasing.com\/fr-ca\/wp-json\/wp\/v2\/types\/page"}],"author":[{"embeddable":true,"href":"https:\/\/tenleasing.com\/fr-ca\/wp-json\/wp\/v2\/users\/1"}],"replies":[{"embeddable":true,"href":"https:\/\/tenleasing.com\/fr-ca\/wp-json\/wp\/v2\/comments?post=1420"}],"version-history":[{"count":0,"href":"https:\/\/tenleasing.com\/fr-ca\/wp-json\/wp\/v2\/pages\/1420\/revisions"}],"wp:attachment":[{"href":"https:\/\/tenleasing.com\/fr-ca\/wp-json\/wp\/v2\/media?parent=1420"}],"curies":[{"name":"wp","href":"https:\/\/api.w.org\/{rel}","templated":true}]}}