{"id":1419,"date":"2024-09-20T12:48:10","date_gmt":"2024-09-20T16:48:10","guid":{"rendered":"https:\/\/tenleasing.com\/trailer-leasing\/"},"modified":"2025-03-13T11:16:24","modified_gmt":"2025-03-13T15:16:24","slug":"location-longue-duree","status":"publish","type":"page","link":"https:\/\/tenleasing.com\/fr-ca\/location-longue-duree\/","title":{"rendered":"Location longue dur\u00e9e"},"content":{"rendered":"<div id=\"cs-content\" class=\"cs-content\"><\/div>\n","protected":false},"excerpt":{"rendered":"<p>Des solutions polyvalentes pour les parcs de v\u00e9hiculesLocation \u00e0 long terme de semi-remorquesD\u00e9couvrez les services de location \u00e0 long terme de semi-remorques de TENNous joindreTous les types de remorquesSemi-remorques ferm&eacute;es. Unit&eacute;s r&eacute;frig&eacute;r&eacute;es. Plateformes. Tout ce dont vous avez besoin, nous le louons. &nbsp;Nous offrons un large &eacute;ventail d&rsquo;options de location &agrave; long terme de semi-remorques pour r&eacute;pondre &agrave; vos besoins &#8230; <\/p>\n<div><a href=\"https:\/\/tenleasing.com\/fr-ca\/location-longue-duree\/\" class=\"more-link\">Read More<\/a><\/div>\n","protected":false},"author":1,"featured_media":0,"parent":0,"menu_order":0,"comment_status":"closed","ping_status":"closed","template":"template-blank-4.php","meta":{"_acf_changed":false,"footnotes":""},"class_list":["post-1419","page","type-page","status-publish","hentry","no-post-thumbnail"],"acf":[],"_links":{"self":[{"href":"https:\/\/tenleasing.com\/fr-ca\/wp-json\/wp\/v2\/pages\/1419","targetHints":{"allow":["GET"]}}],"collection":[{"href":"https:\/\/tenleasing.com\/fr-ca\/wp-json\/wp\/v2\/pages"}],"about":[{"href":"https:\/\/tenleasing.com\/fr-ca\/wp-json\/wp\/v2\/types\/page"}],"author":[{"embeddable":true,"href":"https:\/\/tenleasing.com\/fr-ca\/wp-json\/wp\/v2\/users\/1"}],"replies":[{"embeddable":true,"href":"https:\/\/tenleasing.com\/fr-ca\/wp-json\/wp\/v2\/comments?post=1419"}],"version-history":[{"count":0,"href":"https:\/\/tenleasing.com\/fr-ca\/wp-json\/wp\/v2\/pages\/1419\/revisions"}],"wp:attachment":[{"href":"https:\/\/tenleasing.com\/fr-ca\/wp-json\/wp\/v2\/media?parent=1419"}],"curies":[{"name":"wp","href":"https:\/\/api.w.org\/{rel}","templated":true}]}}